{"id":20,"date":"2020-02-04T17:29:20","date_gmt":"2020-02-04T17:29:20","guid":{"rendered":"http:\/\/www.gamaweb.ro\/?page_id=20"},"modified":"2020-02-04T17:32:24","modified_gmt":"2020-02-04T17:32:24","slug":"csik-es-kornyeke","status":"publish","type":"page","link":"https:\/\/www.gamaweb.ro\/index.php\/csik-es-kornyeke\/","title":{"rendered":"Cs\u00edk \u00e9s k\u00f6rny\u00e9ke"},"content":{"rendered":"\n<div class=\"wp-block-group\"><div class=\"wp-block-group__inner-container is-layout-flow wp-block-group-is-layout-flow\">\n<div class=\"wp-block-group\"><div class=\"wp-block-group__inner-container is-layout-flow wp-block-group-is-layout-flow\">\n<figure class=\"wp-block-gallery aligncenter columns-2 wp-block-gallery-1 is-layout-flex wp-block-gallery-is-layout-flex\"><ul class=\"blocks-gallery-grid\"><li class=\"blocks-gallery-item\"><figure><img fetchpriority=\"high\" decoding=\"async\" width=\"1024\" height=\"576\" src=\"https:\/\/www.gamaweb.ro\/wp-content\/uploads\/2020\/02\/som1-1-1024x576.jpg\" alt=\"\" data-id=\"24\" data-full-url=\"https:\/\/www.gamaweb.ro\/wp-content\/uploads\/2020\/02\/som1-1.jpg\" data-link=\"https:\/\/www.gamaweb.ro\/?attachment_id=24\" class=\"wp-image-24\" srcset=\"https:\/\/www.gamaweb.ro\/wp-content\/uploads\/2020\/02\/som1-1-1024x576.jpg 1024w, https:\/\/www.gamaweb.ro\/wp-content\/uploads\/2020\/02\/som1-1-300x169.jpg 300w, https:\/\/www.gamaweb.ro\/wp-content\/uploads\/2020\/02\/som1-1-768x432.jpg 768w, https:\/\/www.gamaweb.ro\/wp-content\/uploads\/2020\/02\/som1-1-1536x864.jpg 1536w, https:\/\/www.gamaweb.ro\/wp-content\/uploads\/2020\/02\/som1-1.jpg 1920w\" sizes=\"(max-width: 767px) 89vw, (max-width: 1000px) 54vw, (max-width: 1071px) 543px, 580px\" \/><\/figure><\/li><li class=\"blocks-gallery-item\"><figure><img decoding=\"async\" width=\"1024\" height=\"576\" src=\"https:\/\/www.gamaweb.ro\/wp-content\/uploads\/2020\/02\/laz1-1-1024x576.jpg\" alt=\"\" data-id=\"23\" data-full-url=\"https:\/\/www.gamaweb.ro\/wp-content\/uploads\/2020\/02\/laz1-1.jpg\" data-link=\"https:\/\/www.gamaweb.ro\/?attachment_id=23\" class=\"wp-image-23\" srcset=\"https:\/\/www.gamaweb.ro\/wp-content\/uploads\/2020\/02\/laz1-1-1024x576.jpg 1024w, https:\/\/www.gamaweb.ro\/wp-content\/uploads\/2020\/02\/laz1-1-300x169.jpg 300w, https:\/\/www.gamaweb.ro\/wp-content\/uploads\/2020\/02\/laz1-1-768x432.jpg 768w, https:\/\/www.gamaweb.ro\/wp-content\/uploads\/2020\/02\/laz1-1-1536x864.jpg 1536w, https:\/\/www.gamaweb.ro\/wp-content\/uploads\/2020\/02\/laz1-1.jpg 1920w\" sizes=\"(max-width: 767px) 89vw, (max-width: 1000px) 54vw, (max-width: 1071px) 543px, 580px\" \/><\/figure><\/li><\/ul><\/figure>\n<\/div><\/div>\n<\/div><\/div>\n","protected":false},"excerpt":{"rendered":"","protected":false},"author":1,"featured_media":0,"parent":0,"menu_order":0,"comment_status":"closed","ping_status":"closed","template":"","meta":{"footnotes":""},"class_list":["post-20","page","type-page","status-publish","hentry"],"_links":{"self":[{"href":"https:\/\/www.gamaweb.ro\/index.php\/wp-json\/wp\/v2\/pages\/20","targetHints":{"allow":["GET"]}}],"collection":[{"href":"https:\/\/www.gamaweb.ro\/index.php\/wp-json\/wp\/v2\/pages"}],"about":[{"href":"https:\/\/www.gamaweb.ro\/index.php\/wp-json\/wp\/v2\/types\/page"}],"author":[{"embeddable":true,"href":"https:\/\/www.gamaweb.ro\/index.php\/wp-json\/wp\/v2\/users\/1"}],"replies":[{"embeddable":true,"href":"https:\/\/www.gamaweb.ro\/index.php\/wp-json\/wp\/v2\/comments?post=20"}],"version-history":[{"count":4,"href":"https:\/\/www.gamaweb.ro\/index.php\/wp-json\/wp\/v2\/pages\/20\/revisions"}],"predecessor-version":[{"id":30,"href":"https:\/\/www.gamaweb.ro\/index.php\/wp-json\/wp\/v2\/pages\/20\/revisions\/30"}],"wp:attachment":[{"href":"https:\/\/www.gamaweb.ro\/index.php\/wp-json\/wp\/v2\/media?parent=20"}],"curies":[{"name":"wp","href":"https:\/\/api.w.org\/{rel}","templated":true}]}}